{"id":723,"date":"2015-04-13T14:54:55","date_gmt":"2015-04-13T17:54:55","guid":{"rendered":"https:\/\/backyardgames.ca\/?page_id=723"},"modified":"2024-03-28T11:43:27","modified_gmt":"2024-03-28T14:43:27","slug":"parrainage","status":"publish","type":"page","link":"https:\/\/backyardgames.ca\/fr\/parrainage\/","title":{"rendered":"Parrainage"},"content":{"rendered":"\n<p><a data-type=\"link\" data-id=\"https:\/\/backyardgames.ca\/wp-content\/uploads\/2024\/03\/SBA-BYG-trousse-de-commandite-2024.pdf\" href=\"https:\/\/backyardgames.ca\/wp-content\/uploads\/2024\/03\/SBA-BYG-trousse-de-commandite-2024.pdf\" target=\"_blank\" rel=\"noreferrer noopener\">Trousse de commandite<\/a><\/p>\n\n\n\n<p>Si vous pensez que votre entreprise ou quelqu&rsquo;un que vous connaissez serait int\u00e9ress\u00e9 \u00e0 discuter des possibilit\u00e9s de commandite de cet \u00e9v\u00e9nement communautaire unique, veuillez communiquer avec le bureau de l&rsquo;\u00e9v\u00e9nement au 506-855-8525 ou \u00e0 <a href=\"mailto:info@backyardgames.ca\" target=\"_blank\" rel=\"noreferrer noopener\">info@backyardgames.ca<\/a> pour obtenir de plus amples renseignements. La trousse de commandite susmentionn\u00e9e a \u00e9t\u00e9 con\u00e7ue pour r\u00e9pondre \u00e0 la plupart de vos questions concernant la reconnaissance marketing et les possibilit\u00e9s d&rsquo;activation sur place. Notre \u00e9quipe se fera un plaisir de discuter avec vous de la meilleure option pour votre entreprise.<\/p>\n","protected":false},"excerpt":{"rendered":"<p>Trousse de commandite Si vous pensez que votre entreprise ou quelqu&rsquo;un que vous connaissez serait int\u00e9ress\u00e9 \u00e0 discuter des possibilit\u00e9s de commandite de cet \u00e9v\u00e9nement communautaire unique, veuillez communiquer avec le bureau de l&rsquo;\u00e9v\u00e9nement au 506-855-8525 ou \u00e0 info@backyardgames.ca pour obtenir de plus amples renseignements. La trousse de commandite susmentionn\u00e9e a \u00e9t\u00e9 con\u00e7ue pour r\u00e9pondre [&hellip;]<\/p>\n","protected":false},"author":1,"featured_media":0,"parent":0,"menu_order":0,"comment_status":"closed","ping_status":"open","template":"","meta":{"footnotes":""},"class_list":["post-723","page","type-page","status-publish","hentry"],"yoast_head":"<!-- This site is optimized with the Yoast SEO plugin v23.3 - https:\/\/yoast.com\/wordpress\/plugins\/seo\/ -->\n<title>Parrainage - Backyard Games<\/title>\n<meta name=\"robots\" content=\"index, follow, max-snippet:-1, max-image-preview:large, max-video-preview:-1\" \/>\n<link rel=\"canonical\" href=\"https:\/\/backyardgames.ca\/fr\/parrainage\/\" \/>\n<meta property=\"og:locale\" content=\"fr_FR\" \/>\n<meta property=\"og:type\" content=\"article\" \/>\n<meta property=\"og:title\" content=\"Parrainage - Backyard Games\" \/>\n<meta property=\"og:description\" content=\"Trousse de commandite Si vous pensez que votre entreprise ou quelqu&rsquo;un que vous connaissez serait int\u00e9ress\u00e9 \u00e0 discuter des possibilit\u00e9s de commandite de cet \u00e9v\u00e9nement communautaire unique, veuillez communiquer avec le bureau de l&rsquo;\u00e9v\u00e9nement au 506-855-8525 ou \u00e0 info@backyardgames.ca pour obtenir de plus amples renseignements. La trousse de commandite susmentionn\u00e9e a \u00e9t\u00e9 con\u00e7ue pour r\u00e9pondre [&hellip;]\" \/>\n<meta property=\"og:url\" content=\"https:\/\/backyardgames.ca\/fr\/parrainage\/\" \/>\n<meta property=\"og:site_name\" content=\"Backyard Games\" \/>\n<meta property=\"article:modified_time\" content=\"2024-03-28T14:43:27+00:00\" \/>\n<meta name=\"twitter:card\" content=\"summary_large_image\" \/>\n<meta name=\"twitter:label1\" content=\"Dur\u00e9e de lecture estim\u00e9e\" \/>\n\t<meta name=\"twitter:data1\" content=\"1 minute\" \/>\n<script type=\"application\/ld+json\" class=\"yoast-schema-graph\">{\"@context\":\"https:\/\/schema.org\",\"@graph\":[{\"@type\":\"WebPage\",\"@id\":\"https:\/\/backyardgames.ca\/fr\/parrainage\/\",\"url\":\"https:\/\/backyardgames.ca\/fr\/parrainage\/\",\"name\":\"Parrainage - Backyard Games\",\"isPartOf\":{\"@id\":\"https:\/\/backyardgames.ca\/fr\/#website\"},\"datePublished\":\"2015-04-13T17:54:55+00:00\",\"dateModified\":\"2024-03-28T14:43:27+00:00\",\"breadcrumb\":{\"@id\":\"https:\/\/backyardgames.ca\/fr\/parrainage\/#breadcrumb\"},\"inLanguage\":\"fr-FR\",\"potentialAction\":[{\"@type\":\"ReadAction\",\"target\":[\"https:\/\/backyardgames.ca\/fr\/parrainage\/\"]}]},{\"@type\":\"BreadcrumbList\",\"@id\":\"https:\/\/backyardgames.ca\/fr\/parrainage\/#breadcrumb\",\"itemListElement\":[{\"@type\":\"ListItem\",\"position\":1,\"name\":\"Home\",\"item\":\"https:\/\/backyardgames.ca\/fr\/\"},{\"@type\":\"ListItem\",\"position\":2,\"name\":\"Parrainage\"}]},{\"@type\":\"WebSite\",\"@id\":\"https:\/\/backyardgames.ca\/fr\/#website\",\"url\":\"https:\/\/backyardgames.ca\/fr\/\",\"name\":\"Backyard Games\",\"description\":\"People for Animal Wellbeing (PAW), formerly known as the SPCA,\",\"publisher\":{\"@id\":\"https:\/\/backyardgames.ca\/fr\/#organization\"},\"potentialAction\":[{\"@type\":\"SearchAction\",\"target\":{\"@type\":\"EntryPoint\",\"urlTemplate\":\"https:\/\/backyardgames.ca\/fr\/?s={search_term_string}\"},\"query-input\":\"required name=search_term_string\"}],\"inLanguage\":\"fr-FR\"},{\"@type\":\"Organization\",\"@id\":\"https:\/\/backyardgames.ca\/fr\/#organization\",\"name\":\"Backyard Games\",\"url\":\"https:\/\/backyardgames.ca\/fr\/\",\"logo\":{\"@type\":\"ImageObject\",\"inLanguage\":\"fr-FR\",\"@id\":\"https:\/\/backyardgames.ca\/fr\/#\/schema\/logo\/image\/\",\"url\":\"https:\/\/backyardgames.ca\/wp-content\/uploads\/2024\/03\/grassPAWSBackjyard-facebookEvent_v01-min.png\",\"contentUrl\":\"https:\/\/backyardgames.ca\/wp-content\/uploads\/2024\/03\/grassPAWSBackjyard-facebookEvent_v01-min.png\",\"width\":1920,\"height\":1080,\"caption\":\"Backyard Games\"},\"image\":{\"@id\":\"https:\/\/backyardgames.ca\/fr\/#\/schema\/logo\/image\/\"}}]}<\/script>\n<!-- \/ Yoast SEO plugin. -->","yoast_head_json":{"title":"Parrainage - Backyard Games","robots":{"index":"index","follow":"follow","max-snippet":"max-snippet:-1","max-image-preview":"max-image-preview:large","max-video-preview":"max-video-preview:-1"},"canonical":"https:\/\/backyardgames.ca\/fr\/parrainage\/","og_locale":"fr_FR","og_type":"article","og_title":"Parrainage - Backyard Games","og_description":"Trousse de commandite Si vous pensez que votre entreprise ou quelqu&rsquo;un que vous connaissez serait int\u00e9ress\u00e9 \u00e0 discuter des possibilit\u00e9s de commandite de cet \u00e9v\u00e9nement communautaire unique, veuillez communiquer avec le bureau de l&rsquo;\u00e9v\u00e9nement au 506-855-8525 ou \u00e0 info@backyardgames.ca pour obtenir de plus amples renseignements. La trousse de commandite susmentionn\u00e9e a \u00e9t\u00e9 con\u00e7ue pour r\u00e9pondre [&hellip;]","og_url":"https:\/\/backyardgames.ca\/fr\/parrainage\/","og_site_name":"Backyard Games","article_modified_time":"2024-03-28T14:43:27+00:00","twitter_card":"summary_large_image","twitter_misc":{"Dur\u00e9e de lecture estim\u00e9e":"1 minute"},"schema":{"@context":"https:\/\/schema.org","@graph":[{"@type":"WebPage","@id":"https:\/\/backyardgames.ca\/fr\/parrainage\/","url":"https:\/\/backyardgames.ca\/fr\/parrainage\/","name":"Parrainage - Backyard Games","isPartOf":{"@id":"https:\/\/backyardgames.ca\/fr\/#website"},"datePublished":"2015-04-13T17:54:55+00:00","dateModified":"2024-03-28T14:43:27+00:00","breadcrumb":{"@id":"https:\/\/backyardgames.ca\/fr\/parrainage\/#breadcrumb"},"inLanguage":"fr-FR","potentialAction":[{"@type":"ReadAction","target":["https:\/\/backyardgames.ca\/fr\/parrainage\/"]}]},{"@type":"BreadcrumbList","@id":"https:\/\/backyardgames.ca\/fr\/parrainage\/#breadcrumb","itemListElement":[{"@type":"ListItem","position":1,"name":"Home","item":"https:\/\/backyardgames.ca\/fr\/"},{"@type":"ListItem","position":2,"name":"Parrainage"}]},{"@type":"WebSite","@id":"https:\/\/backyardgames.ca\/fr\/#website","url":"https:\/\/backyardgames.ca\/fr\/","name":"Backyard Games","description":"People for Animal Wellbeing (PAW), formerly known as the SPCA,","publisher":{"@id":"https:\/\/backyardgames.ca\/fr\/#organization"},"potentialAction":[{"@type":"SearchAction","target":{"@type":"EntryPoint","urlTemplate":"https:\/\/backyardgames.ca\/fr\/?s={search_term_string}"},"query-input":"required name=search_term_string"}],"inLanguage":"fr-FR"},{"@type":"Organization","@id":"https:\/\/backyardgames.ca\/fr\/#organization","name":"Backyard Games","url":"https:\/\/backyardgames.ca\/fr\/","logo":{"@type":"ImageObject","inLanguage":"fr-FR","@id":"https:\/\/backyardgames.ca\/fr\/#\/schema\/logo\/image\/","url":"https:\/\/backyardgames.ca\/wp-content\/uploads\/2024\/03\/grassPAWSBackjyard-facebookEvent_v01-min.png","contentUrl":"https:\/\/backyardgames.ca\/wp-content\/uploads\/2024\/03\/grassPAWSBackjyard-facebookEvent_v01-min.png","width":1920,"height":1080,"caption":"Backyard Games"},"image":{"@id":"https:\/\/backyardgames.ca\/fr\/#\/schema\/logo\/image\/"}}]}},"_links":{"self":[{"href":"https:\/\/backyardgames.ca\/fr\/wp-json\/wp\/v2\/pages\/723"}],"collection":[{"href":"https:\/\/backyardgames.ca\/fr\/wp-json\/wp\/v2\/pages"}],"about":[{"href":"https:\/\/backyardgames.ca\/fr\/wp-json\/wp\/v2\/types\/page"}],"author":[{"embeddable":true,"href":"https:\/\/backyardgames.ca\/fr\/wp-json\/wp\/v2\/users\/1"}],"replies":[{"embeddable":true,"href":"https:\/\/backyardgames.ca\/fr\/wp-json\/wp\/v2\/comments?post=723"}],"version-history":[{"count":3,"href":"https:\/\/backyardgames.ca\/fr\/wp-json\/wp\/v2\/pages\/723\/revisions"}],"predecessor-version":[{"id":759,"href":"https:\/\/backyardgames.ca\/fr\/wp-json\/wp\/v2\/pages\/723\/revisions\/759"}],"wp:attachment":[{"href":"https:\/\/backyardgames.ca\/fr\/wp-json\/wp\/v2\/media?parent=723"}],"curies":[{"name":"wp","href":"https:\/\/api.w.org\/{rel}","templated":true}]}}