{"id":711,"date":"2015-04-13T14:54:22","date_gmt":"2015-04-13T17:54:22","guid":{"rendered":"https:\/\/backyardgames.ca\/?page_id=711"},"modified":"2024-03-28T12:15:00","modified_gmt":"2024-03-28T15:15:00","slug":"inscription","status":"publish","type":"page","link":"https:\/\/backyardgames.ca\/fr\/inscription\/","title":{"rendered":"Inscription"},"content":{"rendered":"\n<p class=\"has-text-align-center\">Cliquez sur un bouton ci-dessous pour inscrire votre \u00e9quipe \u00e0 une session<\/p>\n\n\n\n<div class=\"wp-block-buttons has-custom-font-size has-medium-font-size is-horizontal is-content-justification-center is-layout-flex wp-container-core-buttons-is-layout-1 wp-block-buttons-is-layout-flex\">\n<div class=\"wp-block-button has-custom-width wp-block-button__width-50 has-custom-font-size has-medium-font-size\" style=\"text-decoration:none\"><a class=\"wp-block-button__link has-white-color has-text-color has-background has-link-color has-text-align-center wp-element-button\" href=\"https:\/\/backyardgames.ca\/fr\/inscription\/corporatif\/\" style=\"border-radius:10px;background-color:#16a320\">D\u00e9fi Corporatif 500$<br><small>Vendredi 7 juin 2024 &#8211; 12h \u2013 16h<\/small><\/a><\/div>\n\n\n\n<div class=\"wp-block-button has-custom-width wp-block-button__width-50 has-custom-font-size has-medium-font-size\" style=\"text-decoration:none\"><a class=\"wp-block-button__link has-white-color has-text-color has-background has-link-color has-text-align-center wp-element-button\" href=\"https:\/\/backyardgames.ca\/fr\/inscription\/damis-et-de-familles\/\" style=\"border-radius:13px;background-color:#16a320\">D\u00e9fi Famille et amis 400$<br><small>Vendredi 7 juin 2024 &#8211; 18h \u2013 21h<\/small><\/a><\/div>\n<\/div>\n\n\n\n<div style=\"height:50px\" aria-hidden=\"true\" class=\"wp-block-spacer\"><\/div>\n\n\n\n<p class=\"has-text-align-center\">Vous pouvez t\u00e9l\u00e9charger des dossiers d&rsquo;information et des formulaires en cliquant sur les boutons ci-dessous.<\/p>\n\n\n\n<div class=\"wp-block-buttons has-custom-font-size has-medium-font-size is-horizontal is-content-justification-center is-layout-flex wp-container-core-buttons-is-layout-2 wp-block-buttons-is-layout-flex\">\n<div class=\"wp-block-button has-custom-font-size has-medium-font-size\" style=\"text-decoration:none\"><a class=\"wp-block-button__link has-white-color has-text-color has-background has-link-color has-text-align-center wp-element-button\" href=\"https:\/\/backyardgames.ca\/wp-content\/uploads\/2024\/03\/PAW_backyardgames_liability_waiver-2024.pdf\" style=\"border-radius:10px;background-color:#16a320\" target=\"_blank\" rel=\"noreferrer noopener\">Formulaire de non-responsabilit\u00e9 (pdf)<\/a><\/div>\n\n\n\n<div class=\"wp-block-button has-custom-font-size has-medium-font-size\" style=\"text-decoration:none\"><a class=\"wp-block-button__link has-white-color has-text-color has-background has-link-color has-text-align-center wp-element-button\" href=\"https:\/\/backyardgames.ca\/wp-content\/uploads\/2024\/03\/PAW_BYG_pledge_and_fundraiser_sheets_2024.docx\" style=\"border-radius:13px;background-color:#16a320\" target=\"_blank\" rel=\"noreferrer noopener\">Formulaire de lev\u00e9e de fonds (docx)<\/a><\/div>\n\n\n\n<div class=\"wp-block-button has-custom-font-size has-medium-font-size\" style=\"text-decoration:none\"><a class=\"wp-block-button__link has-white-color has-text-color has-background has-link-color has-text-align-center wp-element-button\" href=\"https:\/\/backyardgames.ca\/wp-content\/uploads\/2024\/03\/CPGM-trousse-inscription-backyard-games-2024.pdf\" style=\"border-radius:13px;background-color:#16a320\" target=\"_blank\" rel=\"noreferrer noopener\">Trousse Inscription<\/a><\/div>\n<\/div>\n\n\n\n<h2 class=\"wp-block-heading\"><strong>Composition de l<\/strong>\u2018<strong>\u00e9quipe<\/strong><\/h2>\n\n\n\n<div>\n<ol>\n<li>Chaque \u00e9quipe doit compter quatre participants.<\/li>\n<li>Chaque \u00e9quipe doit d\u00e9signer un capitaine d&rsquo;\u00e9quipe et un coordinateur de la collecte de fonds (description des t\u00e2ches ci-dessous). Il peut s&rsquo;agir de la m\u00eame personne, mais il est fortement conseill\u00e9 de partager la charge.<\/li>\n<li>Comme il s&rsquo;agit d&rsquo;un \u00e9v\u00e9nement avec licence, les membres de l&rsquo;\u00e9quipe doivent \u00eatre \u00e2g\u00e9s de 19 ans ou plus.<\/li>\n<li>Les joueurs peuvent \u00eatre remplac\u00e9s jusqu&rsquo;au d\u00e9but officiel des matchs.<\/li>\n<\/ol>\n<\/div>\n\n\n\n<h2 class=\"wp-block-heading\"><strong>Exigences en mati\u00e8re de collecte de fonds<\/strong><\/h2>\n\n\n\n<p>\u00c9quipes d&rsquo;entreprises : 500<\/p>\n\n\n\n<p>\u00c9quipes d&rsquo;amis et de membres de la famille : 400<\/p>\n\n\n\n<p>En plus des frais d&rsquo;inscription de base, les \u00e9quipes sont encourag\u00e9es \u00e0 collecter des fonds suppl\u00e9mentaires afin de nous aider \u00e0 atteindre les objectifs de collecte de fonds de l&rsquo;\u00e9v\u00e9nement. Vous trouverez ci-dessous une liste d&rsquo;incitations amusantes pour les \u00e9quipes qui atteignent certaines \u00e9tapes dans leur collecte de fonds. Dans les pages suivantes, nous vous proposons \u00e9galement des outils et des id\u00e9es pour vous aider \u00e0 atteindre vos objectifs de collecte de fonds. Notre \u00e9quipe charg\u00e9e de l&rsquo;organisation des \u00e9v\u00e9nements se fera un plaisir de discuter avec votre \u00e9quipe des id\u00e9es de collecte de fonds et de la meilleure fa\u00e7on de les mettre en \u0153uvre.<\/p>\n\n\n\n<p>En utilisant le lien suivant, vos supporters peuvent s\u00e9lectionner votre \u00e9quipe dans la liste et appliquer leur don directement \u00e0 votre \u00e9quipe et recevoir un re\u00e7u fiscal pour tout don de 25 $ ou plus.<\/p>\n\n\n\n<p><strong>Incitations \u00e0 la collecte de fonds<\/strong><\/p>\n\n\n\n<p>Les \u00e9quipes peuvent obtenir des r\u00e9compenses int\u00e9ressantes en atteignant les objectifs de collecte de fonds \u00e9num\u00e9r\u00e9s ci-dessous.<\/p>\n\n\n\n<ol class=\"wp-block-list\" start=\"1\">\n<li>500 $ de plus que les frais d&rsquo;inscription : Bons alimentaires gratuits pour le service de restauration sur place.<\/li>\n\n\n\n<li>750 $ de plus que les frais d&rsquo;inscription : Nourriture gratuite et une tourn\u00e9e de boissons pour l&rsquo;\u00e9quipe.<\/li>\n\n\n\n<li>1 000 $ de plus que les frais d&rsquo;inscription : Nourriture gratuite et 2 tourn\u00e9es de boissons pour l&rsquo;\u00e9quipe.<\/li>\n\n\n\n<li>Meilleure collecte de fonds &#8211; \u00e9quipe : Prix \u00e0 d\u00e9terminer<\/li>\n\n\n\n<li>Meilleur collecteur de fonds &#8211; Individuel : Prix \u00e0 d\u00e9terminer<\/li>\n<\/ol>\n\n\n\n<p><strong>R\u00f4les des chefs d&rsquo;\u00e9quipe<\/strong><\/p>\n\n\n\n<p><strong>Capitaine d&rsquo;\u00e9quipe :<\/strong><\/p>\n\n\n\n<ol class=\"wp-block-list\" start=\"1\">\n<li>Responsable de la coordination du recrutement et de la motivation de l&rsquo;\u00e9quipe.<\/li>\n\n\n\n<li>Le capitaine sera le principal contact avec le bureau de l&rsquo;\u00e9v\u00e9nement au nom de tous ses co\u00e9quipiers.<\/li>\n\n\n\n<li>Soumettre le formulaire d&rsquo;inscription d\u00fbment rempli.<\/li>\n\n\n\n<li>Assister (ou d\u00e9l\u00e9guer un repr\u00e9sentant de l&rsquo;\u00e9quipe) \u00e0 toutes les r\u00e9unions d&rsquo;information requises (y compris la r\u00e9union d&rsquo;enregistrement de l&rsquo;\u00e9quipe).<\/li>\n\n\n\n<li>Donner et recevoir des informations sur les mises \u00e0 jour concernant la collecte de fonds, les d\u00e9fis, l&rsquo;attribution des matchs, etc.<\/li>\n\n\n\n<li>Aider \u00e0 coordonner les efforts de collecte de fonds du groupe.<\/li>\n<\/ol>\n\n\n\n<p><strong>Coordinateur de la collecte de fonds :<\/strong><\/p>\n\n\n\n<ol class=\"wp-block-list\" start=\"1\">\n<li>Encourager les membres de l&rsquo;\u00e9quipe \u00e0 collecter des fonds et \u00e0 tenir leurs feuilles de promesses de dons \u00e0 jour.<\/li>\n\n\n\n<li>Fournit au bureau de l&rsquo;\u00e9v\u00e9nement des mises \u00e0 jour sur les collectes de fonds individuelles et d&rsquo;\u00e9quipe par le biais des fiches de collecte de fonds.<\/li>\n\n\n\n<li>Transmet au bureau de l&rsquo;\u00e9v\u00e9nement les id\u00e9es de collecte de fonds du groupe.<\/li>\n\n\n\n<li>Assister (ou d\u00e9l\u00e9guer un repr\u00e9sentant de l&rsquo;\u00e9quipe) \u00e0 toutes les r\u00e9unions d&rsquo;information requises (y compris la r\u00e9union de contr\u00f4le de l&rsquo;\u00e9quipe).<\/li>\n\n\n\n<li>Collecter toutes les promesses de dons recueillies par chaque membre de l&rsquo;\u00e9quipe avant l&rsquo;\u00e9v\u00e9nement.<\/li>\n\n\n\n<li>Remettre toutes les promesses de dons au bureau de l&rsquo;\u00e9v\u00e9nement avant le d\u00e9but de l&rsquo;\u00e9v\u00e9nement.<\/li>\n<\/ol>\n\n\n\n<h2 class=\"wp-block-heading\"><strong>Dates \u00e0 retenir<\/strong><\/h2>\n\n\n\n<figure class=\"wp-block-table\"><table><tbody><tr><td class=\"has-text-align-center\" data-align=\"center\">28 mars<\/td><td>Ouverture de la p\u00e9riode d&rsquo;inscription<\/td><\/tr><tr><td class=\"has-text-align-center\" data-align=\"center\">7 juin<\/td><td>Jour du match<\/td><\/tr><\/tbody><\/table><\/figure>\n","protected":false},"excerpt":{"rendered":"<p>Cliquez sur un bouton ci-dessous pour inscrire votre \u00e9quipe \u00e0 une session Vous pouvez t\u00e9l\u00e9charger des dossiers d&rsquo;information et des formulaires en cliquant sur les boutons ci-dessous. Composition de l\u2018\u00e9quipe Chaque \u00e9quipe doit compter quatre participants. Chaque \u00e9quipe doit d\u00e9signer un capitaine d&rsquo;\u00e9quipe et un coordinateur de la collecte de fonds (description des t\u00e2ches ci-dessous). [&hellip;]<\/p>\n","protected":false},"author":1,"featured_media":0,"parent":0,"menu_order":0,"comment_status":"closed","ping_status":"open","template":"","meta":{"footnotes":""},"class_list":["post-711","page","type-page","status-publish","hentry"],"yoast_head":"<!-- This site is optimized with the Yoast SEO plugin v23.3 - https:\/\/yoast.com\/wordpress\/plugins\/seo\/ -->\n<title>Inscription - Backyard Games<\/title>\n<meta name=\"robots\" content=\"index, follow, max-snippet:-1, max-image-preview:large, max-video-preview:-1\" \/>\n<link rel=\"canonical\" href=\"https:\/\/backyardgames.ca\/fr\/inscription\/\" \/>\n<meta property=\"og:locale\" content=\"fr_FR\" \/>\n<meta property=\"og:type\" content=\"article\" \/>\n<meta property=\"og:title\" content=\"Inscription - Backyard Games\" \/>\n<meta property=\"og:description\" content=\"Cliquez sur un bouton ci-dessous pour inscrire votre \u00e9quipe \u00e0 une session Vous pouvez t\u00e9l\u00e9charger des dossiers d&rsquo;information et des formulaires en cliquant sur les boutons ci-dessous. Composition de l\u2018\u00e9quipe Chaque \u00e9quipe doit compter quatre participants. Chaque \u00e9quipe doit d\u00e9signer un capitaine d&rsquo;\u00e9quipe et un coordinateur de la collecte de fonds (description des t\u00e2ches ci-dessous). [&hellip;]\" \/>\n<meta property=\"og:url\" content=\"https:\/\/backyardgames.ca\/fr\/inscription\/\" \/>\n<meta property=\"og:site_name\" content=\"Backyard Games\" \/>\n<meta property=\"article:modified_time\" content=\"2024-03-28T15:15:00+00:00\" \/>\n<meta name=\"twitter:card\" content=\"summary_large_image\" \/>\n<meta name=\"twitter:label1\" content=\"Dur\u00e9e de lecture estim\u00e9e\" \/>\n\t<meta name=\"twitter:data1\" content=\"3 minutes\" \/>\n<script type=\"application\/ld+json\" class=\"yoast-schema-graph\">{\"@context\":\"https:\/\/schema.org\",\"@graph\":[{\"@type\":\"WebPage\",\"@id\":\"https:\/\/backyardgames.ca\/fr\/inscription\/\",\"url\":\"https:\/\/backyardgames.ca\/fr\/inscription\/\",\"name\":\"Inscription - Backyard Games\",\"isPartOf\":{\"@id\":\"https:\/\/backyardgames.ca\/fr\/#website\"},\"datePublished\":\"2015-04-13T17:54:22+00:00\",\"dateModified\":\"2024-03-28T15:15:00+00:00\",\"breadcrumb\":{\"@id\":\"https:\/\/backyardgames.ca\/fr\/inscription\/#breadcrumb\"},\"inLanguage\":\"fr-FR\",\"potentialAction\":[{\"@type\":\"ReadAction\",\"target\":[\"https:\/\/backyardgames.ca\/fr\/inscription\/\"]}]},{\"@type\":\"BreadcrumbList\",\"@id\":\"https:\/\/backyardgames.ca\/fr\/inscription\/#breadcrumb\",\"itemListElement\":[{\"@type\":\"ListItem\",\"position\":1,\"name\":\"Home\",\"item\":\"https:\/\/backyardgames.ca\/fr\/\"},{\"@type\":\"ListItem\",\"position\":2,\"name\":\"Inscription\"}]},{\"@type\":\"WebSite\",\"@id\":\"https:\/\/backyardgames.ca\/fr\/#website\",\"url\":\"https:\/\/backyardgames.ca\/fr\/\",\"name\":\"Backyard Games\",\"description\":\"People for Animal Wellbeing (PAW), formerly known as the SPCA,\",\"publisher\":{\"@id\":\"https:\/\/backyardgames.ca\/fr\/#organization\"},\"potentialAction\":[{\"@type\":\"SearchAction\",\"target\":{\"@type\":\"EntryPoint\",\"urlTemplate\":\"https:\/\/backyardgames.ca\/fr\/?s={search_term_string}\"},\"query-input\":\"required name=search_term_string\"}],\"inLanguage\":\"fr-FR\"},{\"@type\":\"Organization\",\"@id\":\"https:\/\/backyardgames.ca\/fr\/#organization\",\"name\":\"Backyard Games\",\"url\":\"https:\/\/backyardgames.ca\/fr\/\",\"logo\":{\"@type\":\"ImageObject\",\"inLanguage\":\"fr-FR\",\"@id\":\"https:\/\/backyardgames.ca\/fr\/#\/schema\/logo\/image\/\",\"url\":\"https:\/\/backyardgames.ca\/wp-content\/uploads\/2024\/03\/grassPAWSBackjyard-facebookEvent_v01-min.png\",\"contentUrl\":\"https:\/\/backyardgames.ca\/wp-content\/uploads\/2024\/03\/grassPAWSBackjyard-facebookEvent_v01-min.png\",\"width\":1920,\"height\":1080,\"caption\":\"Backyard Games\"},\"image\":{\"@id\":\"https:\/\/backyardgames.ca\/fr\/#\/schema\/logo\/image\/\"}}]}<\/script>\n<!-- \/ Yoast SEO plugin. -->","yoast_head_json":{"title":"Inscription - Backyard Games","robots":{"index":"index","follow":"follow","max-snippet":"max-snippet:-1","max-image-preview":"max-image-preview:large","max-video-preview":"max-video-preview:-1"},"canonical":"https:\/\/backyardgames.ca\/fr\/inscription\/","og_locale":"fr_FR","og_type":"article","og_title":"Inscription - Backyard Games","og_description":"Cliquez sur un bouton ci-dessous pour inscrire votre \u00e9quipe \u00e0 une session Vous pouvez t\u00e9l\u00e9charger des dossiers d&rsquo;information et des formulaires en cliquant sur les boutons ci-dessous. Composition de l\u2018\u00e9quipe Chaque \u00e9quipe doit compter quatre participants. Chaque \u00e9quipe doit d\u00e9signer un capitaine d&rsquo;\u00e9quipe et un coordinateur de la collecte de fonds (description des t\u00e2ches ci-dessous). [&hellip;]","og_url":"https:\/\/backyardgames.ca\/fr\/inscription\/","og_site_name":"Backyard Games","article_modified_time":"2024-03-28T15:15:00+00:00","twitter_card":"summary_large_image","twitter_misc":{"Dur\u00e9e de lecture estim\u00e9e":"3 minutes"},"schema":{"@context":"https:\/\/schema.org","@graph":[{"@type":"WebPage","@id":"https:\/\/backyardgames.ca\/fr\/inscription\/","url":"https:\/\/backyardgames.ca\/fr\/inscription\/","name":"Inscription - Backyard Games","isPartOf":{"@id":"https:\/\/backyardgames.ca\/fr\/#website"},"datePublished":"2015-04-13T17:54:22+00:00","dateModified":"2024-03-28T15:15:00+00:00","breadcrumb":{"@id":"https:\/\/backyardgames.ca\/fr\/inscription\/#breadcrumb"},"inLanguage":"fr-FR","potentialAction":[{"@type":"ReadAction","target":["https:\/\/backyardgames.ca\/fr\/inscription\/"]}]},{"@type":"BreadcrumbList","@id":"https:\/\/backyardgames.ca\/fr\/inscription\/#breadcrumb","itemListElement":[{"@type":"ListItem","position":1,"name":"Home","item":"https:\/\/backyardgames.ca\/fr\/"},{"@type":"ListItem","position":2,"name":"Inscription"}]},{"@type":"WebSite","@id":"https:\/\/backyardgames.ca\/fr\/#website","url":"https:\/\/backyardgames.ca\/fr\/","name":"Backyard Games","description":"People for Animal Wellbeing (PAW), formerly known as the SPCA,","publisher":{"@id":"https:\/\/backyardgames.ca\/fr\/#organization"},"potentialAction":[{"@type":"SearchAction","target":{"@type":"EntryPoint","urlTemplate":"https:\/\/backyardgames.ca\/fr\/?s={search_term_string}"},"query-input":"required name=search_term_string"}],"inLanguage":"fr-FR"},{"@type":"Organization","@id":"https:\/\/backyardgames.ca\/fr\/#organization","name":"Backyard Games","url":"https:\/\/backyardgames.ca\/fr\/","logo":{"@type":"ImageObject","inLanguage":"fr-FR","@id":"https:\/\/backyardgames.ca\/fr\/#\/schema\/logo\/image\/","url":"https:\/\/backyardgames.ca\/wp-content\/uploads\/2024\/03\/grassPAWSBackjyard-facebookEvent_v01-min.png","contentUrl":"https:\/\/backyardgames.ca\/wp-content\/uploads\/2024\/03\/grassPAWSBackjyard-facebookEvent_v01-min.png","width":1920,"height":1080,"caption":"Backyard Games"},"image":{"@id":"https:\/\/backyardgames.ca\/fr\/#\/schema\/logo\/image\/"}}]}},"_links":{"self":[{"href":"https:\/\/backyardgames.ca\/fr\/wp-json\/wp\/v2\/pages\/711"}],"collection":[{"href":"https:\/\/backyardgames.ca\/fr\/wp-json\/wp\/v2\/pages"}],"about":[{"href":"https:\/\/backyardgames.ca\/fr\/wp-json\/wp\/v2\/types\/page"}],"author":[{"embeddable":true,"href":"https:\/\/backyardgames.ca\/fr\/wp-json\/wp\/v2\/users\/1"}],"replies":[{"embeddable":true,"href":"https:\/\/backyardgames.ca\/fr\/wp-json\/wp\/v2\/comments?post=711"}],"version-history":[{"count":12,"href":"https:\/\/backyardgames.ca\/fr\/wp-json\/wp\/v2\/pages\/711\/revisions"}],"predecessor-version":[{"id":781,"href":"https:\/\/backyardgames.ca\/fr\/wp-json\/wp\/v2\/pages\/711\/revisions\/781"}],"wp:attachment":[{"href":"https:\/\/backyardgames.ca\/fr\/wp-json\/wp\/v2\/media?parent=711"}],"curies":[{"name":"wp","href":"https:\/\/api.w.org\/{rel}","templated":true}]}}