{"id":700,"date":"2015-04-20T10:20:25","date_gmt":"2015-04-20T13:20:25","guid":{"rendered":"https:\/\/backyardgames.ca\/?page_id=700"},"modified":"2024-03-28T13:52:39","modified_gmt":"2024-03-28T16:52:39","slug":"jour-du-match","status":"publish","type":"page","link":"https:\/\/backyardgames.ca\/fr\/jour-du-match\/","title":{"rendered":"Jour du match"},"content":{"rendered":"\n<h2 class=\"wp-block-heading\"><strong>Chronologie du d\u00e9fi d\u2019entreprise<\/strong><\/h2>\n\n\n\n<figure class=\"wp-block-table\"><table><tbody><tr><td class=\"has-text-align-center\" data-align=\"center\"><strong>11<\/strong>h<\/td><td>Ouverture du bureau d&rsquo;inscription pour l&rsquo;enregistrement des \u00e9quipes<\/td><\/tr><tr><td class=\"has-text-align-center\" data-align=\"center\"><strong>12<\/strong>h<\/td><td>C\u00e9r\u00e9monie d&rsquo;ouverture<\/td><\/tr><tr><td class=\"has-text-align-center\" data-align=\"center\"><strong>12h15<\/strong><\/td><td>D\u00e9part au fusil<\/td><\/tr><tr><td class=\"has-text-align-center\" data-align=\"center\"><strong>15h30<\/strong><\/td><td>Finales<\/td><\/tr><tr><td class=\"has-text-align-center\" data-align=\"center\"><strong>15:45<\/strong><\/td><td>C\u00e9r\u00e9monie de cl\u00f4ture et remise des prix<\/td><\/tr><\/tbody><\/table><\/figure>\n\n\n\n<h2 class=\"wp-block-heading\"><strong>Chronologie du D\u00e9fi des amis et de la famille<\/strong><\/h2>\n\n\n\n<figure class=\"wp-block-table\"><table><tbody><tr><td class=\"has-text-align-center\" data-align=\"center\"><strong>17h<\/strong><\/td><td>Ouverture du bureau d&rsquo;inscription pour l&rsquo;enregistrement des \u00e9quipes<\/td><\/tr><tr><td class=\"has-text-align-center\" data-align=\"center\"><strong>18h<\/strong><\/td><td>C\u00e9r\u00e9monie d&rsquo;ouverture<\/td><\/tr><tr><td class=\"has-text-align-center\" data-align=\"center\"><strong>18h15<\/strong><\/td><td>D\u00e9part au fusil<\/td><\/tr><tr><td class=\"has-text-align-center\" data-align=\"center\"><strong>20h30<\/strong><\/td><td>Finales<\/td><\/tr><tr><td class=\"has-text-align-center\" data-align=\"center\"><strong>20h45<\/strong><\/td><td>C\u00e9r\u00e9monie de cl\u00f4ture et remise des prix<\/td><\/tr><\/tbody><\/table><\/figure>\n\n\n\n<p><\/p>\n\n\n\n<h2 class=\"wp-block-heading\"><strong>Plan du site<\/strong><\/h2>\n\n\n\n<p>Bient\u00f4t disponible<\/p>\n\n\n\n<h2 class=\"wp-block-heading\"><strong>Zone de jeu<\/strong><\/h2>\n\n\n\n<p>La zone de jeu sera am\u00e9nag\u00e9e pour accueillir les diff\u00e9rents jeux de cour. Les \u00e9quipes se verront attribuer leur division de jeu et leur horaire lorsqu&rsquo;elles se pr\u00e9senteront \u00e0 l&rsquo;aire d&rsquo;inscription.<\/p>\n\n\n\n<h2 class=\"wp-block-heading\"><strong>Tenue d&rsquo;\u00e9quipe<\/strong><\/h2>\n\n\n\n<p>Habillez-vous comme vous le souhaitez pour repr\u00e9senter votre \u00e9quipe. La coordination des \u00e9quipes est amusante pour certains et d&rsquo;autres aiment se moquer des \u00e9quipes coordonn\u00e9es, alors portez ce que vous voulez, mais s&rsquo;il vous pla\u00eet&#8230; portez au moins un pantalon.<\/p>\n\n\n\n<h2 class=\"wp-block-heading\"><strong>C\u00e9r\u00e9monies d&rsquo;ouverture et de cl\u00f4ture<\/strong><\/h2>\n\n\n\n<p>Nous ne pourrions pas organiser un \u00e9v\u00e9nement de collecte de fonds de cette taille et de cette importance sans pr\u00e9senter et reconna\u00eetre nos \u00e9quipes pour lancer la journ\u00e9e. \u00c0 la fin de la journ\u00e9e, nous vous remercierons tous et annoncerons les noms des gagnants ainsi que le total des fonds collect\u00e9s.<\/p>\n\n\n\n<h2 class=\"wp-block-heading\"><strong><strong>Les spectateurs<\/strong><\/strong><\/h2>\n\n\n\n<p>Les amis, la famille et les sympathisants sont les bienvenus pour venir encourager votre \u00e9quipe. Ils pourront regarder les matchs, profiter du jardin de la bi\u00e8re et des divertissements, et m\u00eame faire un petit don et s&rsquo;essayer \u00e0 quelques-uns des jeux d&rsquo;arri\u00e8re-cour que nous aurons mis en place sp\u00e9cialement pour eux. Comme il s&rsquo;agit d&rsquo;un \u00e9v\u00e9nement avec licence, les spectateurs doivent \u00eatre \u00e2g\u00e9s de 19 ans et plus.<\/p>\n\n\n\n<h2 class=\"wp-block-heading\"><strong>Nourriture et boissons<\/strong><\/h2>\n\n\n\n<p>Le site sera dot\u00e9 d&rsquo;une licence compl\u00e8te, d&rsquo;un jardin \u00e0 bi\u00e8re et de vendeurs de nourriture sur place. Vous pourrez apporter de la nourriture et des boissons non alcoolis\u00e9es dans l&rsquo;aire de repos de votre \u00e9quipe. Le seul alcool autoris\u00e9 sur le site sera disponible dans la brasserie de l&rsquo;\u00e9v\u00e9nement.<\/p>\n","protected":false},"excerpt":{"rendered":"<p>Chronologie du d\u00e9fi d\u2019entreprise 11h Ouverture du bureau d&rsquo;inscription pour l&rsquo;enregistrement des \u00e9quipes 12h C\u00e9r\u00e9monie d&rsquo;ouverture 12h15 D\u00e9part au fusil 15h30 Finales 15:45 C\u00e9r\u00e9monie de cl\u00f4ture et remise des prix Chronologie du D\u00e9fi des amis et de la famille 17h Ouverture du bureau d&rsquo;inscription pour l&rsquo;enregistrement des \u00e9quipes 18h C\u00e9r\u00e9monie d&rsquo;ouverture 18h15 D\u00e9part au fusil [&hellip;]<\/p>\n","protected":false},"author":1,"featured_media":0,"parent":0,"menu_order":0,"comment_status":"closed","ping_status":"closed","template":"","meta":{"footnotes":""},"class_list":["post-700","page","type-page","status-publish","hentry"],"yoast_head":"<!-- This site is optimized with the Yoast SEO plugin v23.3 - https:\/\/yoast.com\/wordpress\/plugins\/seo\/ -->\n<title>Jour du match - Backyard Games<\/title>\n<meta name=\"robots\" content=\"index, follow, max-snippet:-1, max-image-preview:large, max-video-preview:-1\" \/>\n<link rel=\"canonical\" href=\"https:\/\/backyardgames.ca\/fr\/jour-du-match\/\" \/>\n<meta property=\"og:locale\" content=\"fr_FR\" \/>\n<meta property=\"og:type\" content=\"article\" \/>\n<meta property=\"og:title\" content=\"Jour du match - Backyard Games\" \/>\n<meta property=\"og:description\" content=\"Chronologie du d\u00e9fi d\u2019entreprise 11h Ouverture du bureau d&rsquo;inscription pour l&rsquo;enregistrement des \u00e9quipes 12h C\u00e9r\u00e9monie d&rsquo;ouverture 12h15 D\u00e9part au fusil 15h30 Finales 15:45 C\u00e9r\u00e9monie de cl\u00f4ture et remise des prix Chronologie du D\u00e9fi des amis et de la famille 17h Ouverture du bureau d&rsquo;inscription pour l&rsquo;enregistrement des \u00e9quipes 18h C\u00e9r\u00e9monie d&rsquo;ouverture 18h15 D\u00e9part au fusil [&hellip;]\" \/>\n<meta property=\"og:url\" content=\"https:\/\/backyardgames.ca\/fr\/jour-du-match\/\" \/>\n<meta property=\"og:site_name\" content=\"Backyard Games\" \/>\n<meta property=\"article:modified_time\" content=\"2024-03-28T16:52:39+00:00\" \/>\n<meta name=\"twitter:card\" content=\"summary_large_image\" \/>\n<meta name=\"twitter:label1\" content=\"Dur\u00e9e de lecture estim\u00e9e\" \/>\n\t<meta name=\"twitter:data1\" content=\"2 minutes\" \/>\n<script type=\"application\/ld+json\" class=\"yoast-schema-graph\">{\"@context\":\"https:\/\/schema.org\",\"@graph\":[{\"@type\":\"WebPage\",\"@id\":\"https:\/\/backyardgames.ca\/fr\/jour-du-match\/\",\"url\":\"https:\/\/backyardgames.ca\/fr\/jour-du-match\/\",\"name\":\"Jour du match - Backyard Games\",\"isPartOf\":{\"@id\":\"https:\/\/backyardgames.ca\/fr\/#website\"},\"datePublished\":\"2015-04-20T13:20:25+00:00\",\"dateModified\":\"2024-03-28T16:52:39+00:00\",\"breadcrumb\":{\"@id\":\"https:\/\/backyardgames.ca\/fr\/jour-du-match\/#breadcrumb\"},\"inLanguage\":\"fr-FR\",\"potentialAction\":[{\"@type\":\"ReadAction\",\"target\":[\"https:\/\/backyardgames.ca\/fr\/jour-du-match\/\"]}]},{\"@type\":\"BreadcrumbList\",\"@id\":\"https:\/\/backyardgames.ca\/fr\/jour-du-match\/#breadcrumb\",\"itemListElement\":[{\"@type\":\"ListItem\",\"position\":1,\"name\":\"Home\",\"item\":\"https:\/\/backyardgames.ca\/fr\/\"},{\"@type\":\"ListItem\",\"position\":2,\"name\":\"Jour du match\"}]},{\"@type\":\"WebSite\",\"@id\":\"https:\/\/backyardgames.ca\/fr\/#website\",\"url\":\"https:\/\/backyardgames.ca\/fr\/\",\"name\":\"Backyard Games\",\"description\":\"People for Animal Wellbeing (PAW), formerly known as the SPCA,\",\"publisher\":{\"@id\":\"https:\/\/backyardgames.ca\/fr\/#organization\"},\"potentialAction\":[{\"@type\":\"SearchAction\",\"target\":{\"@type\":\"EntryPoint\",\"urlTemplate\":\"https:\/\/backyardgames.ca\/fr\/?s={search_term_string}\"},\"query-input\":\"required name=search_term_string\"}],\"inLanguage\":\"fr-FR\"},{\"@type\":\"Organization\",\"@id\":\"https:\/\/backyardgames.ca\/fr\/#organization\",\"name\":\"Backyard Games\",\"url\":\"https:\/\/backyardgames.ca\/fr\/\",\"logo\":{\"@type\":\"ImageObject\",\"inLanguage\":\"fr-FR\",\"@id\":\"https:\/\/backyardgames.ca\/fr\/#\/schema\/logo\/image\/\",\"url\":\"https:\/\/backyardgames.ca\/wp-content\/uploads\/2024\/03\/grassPAWSBackjyard-facebookEvent_v01-min.png\",\"contentUrl\":\"https:\/\/backyardgames.ca\/wp-content\/uploads\/2024\/03\/grassPAWSBackjyard-facebookEvent_v01-min.png\",\"width\":1920,\"height\":1080,\"caption\":\"Backyard Games\"},\"image\":{\"@id\":\"https:\/\/backyardgames.ca\/fr\/#\/schema\/logo\/image\/\"}}]}<\/script>\n<!-- \/ Yoast SEO plugin. -->","yoast_head_json":{"title":"Jour du match - Backyard Games","robots":{"index":"index","follow":"follow","max-snippet":"max-snippet:-1","max-image-preview":"max-image-preview:large","max-video-preview":"max-video-preview:-1"},"canonical":"https:\/\/backyardgames.ca\/fr\/jour-du-match\/","og_locale":"fr_FR","og_type":"article","og_title":"Jour du match - Backyard Games","og_description":"Chronologie du d\u00e9fi d\u2019entreprise 11h Ouverture du bureau d&rsquo;inscription pour l&rsquo;enregistrement des \u00e9quipes 12h C\u00e9r\u00e9monie d&rsquo;ouverture 12h15 D\u00e9part au fusil 15h30 Finales 15:45 C\u00e9r\u00e9monie de cl\u00f4ture et remise des prix Chronologie du D\u00e9fi des amis et de la famille 17h Ouverture du bureau d&rsquo;inscription pour l&rsquo;enregistrement des \u00e9quipes 18h C\u00e9r\u00e9monie d&rsquo;ouverture 18h15 D\u00e9part au fusil [&hellip;]","og_url":"https:\/\/backyardgames.ca\/fr\/jour-du-match\/","og_site_name":"Backyard Games","article_modified_time":"2024-03-28T16:52:39+00:00","twitter_card":"summary_large_image","twitter_misc":{"Dur\u00e9e de lecture estim\u00e9e":"2 minutes"},"schema":{"@context":"https:\/\/schema.org","@graph":[{"@type":"WebPage","@id":"https:\/\/backyardgames.ca\/fr\/jour-du-match\/","url":"https:\/\/backyardgames.ca\/fr\/jour-du-match\/","name":"Jour du match - Backyard Games","isPartOf":{"@id":"https:\/\/backyardgames.ca\/fr\/#website"},"datePublished":"2015-04-20T13:20:25+00:00","dateModified":"2024-03-28T16:52:39+00:00","breadcrumb":{"@id":"https:\/\/backyardgames.ca\/fr\/jour-du-match\/#breadcrumb"},"inLanguage":"fr-FR","potentialAction":[{"@type":"ReadAction","target":["https:\/\/backyardgames.ca\/fr\/jour-du-match\/"]}]},{"@type":"BreadcrumbList","@id":"https:\/\/backyardgames.ca\/fr\/jour-du-match\/#breadcrumb","itemListElement":[{"@type":"ListItem","position":1,"name":"Home","item":"https:\/\/backyardgames.ca\/fr\/"},{"@type":"ListItem","position":2,"name":"Jour du match"}]},{"@type":"WebSite","@id":"https:\/\/backyardgames.ca\/fr\/#website","url":"https:\/\/backyardgames.ca\/fr\/","name":"Backyard Games","description":"People for Animal Wellbeing (PAW), formerly known as the SPCA,","publisher":{"@id":"https:\/\/backyardgames.ca\/fr\/#organization"},"potentialAction":[{"@type":"SearchAction","target":{"@type":"EntryPoint","urlTemplate":"https:\/\/backyardgames.ca\/fr\/?s={search_term_string}"},"query-input":"required name=search_term_string"}],"inLanguage":"fr-FR"},{"@type":"Organization","@id":"https:\/\/backyardgames.ca\/fr\/#organization","name":"Backyard Games","url":"https:\/\/backyardgames.ca\/fr\/","logo":{"@type":"ImageObject","inLanguage":"fr-FR","@id":"https:\/\/backyardgames.ca\/fr\/#\/schema\/logo\/image\/","url":"https:\/\/backyardgames.ca\/wp-content\/uploads\/2024\/03\/grassPAWSBackjyard-facebookEvent_v01-min.png","contentUrl":"https:\/\/backyardgames.ca\/wp-content\/uploads\/2024\/03\/grassPAWSBackjyard-facebookEvent_v01-min.png","width":1920,"height":1080,"caption":"Backyard Games"},"image":{"@id":"https:\/\/backyardgames.ca\/fr\/#\/schema\/logo\/image\/"}}]}},"_links":{"self":[{"href":"https:\/\/backyardgames.ca\/fr\/wp-json\/wp\/v2\/pages\/700"}],"collection":[{"href":"https:\/\/backyardgames.ca\/fr\/wp-json\/wp\/v2\/pages"}],"about":[{"href":"https:\/\/backyardgames.ca\/fr\/wp-json\/wp\/v2\/types\/page"}],"author":[{"embeddable":true,"href":"https:\/\/backyardgames.ca\/fr\/wp-json\/wp\/v2\/users\/1"}],"replies":[{"embeddable":true,"href":"https:\/\/backyardgames.ca\/fr\/wp-json\/wp\/v2\/comments?post=700"}],"version-history":[{"count":3,"href":"https:\/\/backyardgames.ca\/fr\/wp-json\/wp\/v2\/pages\/700\/revisions"}],"predecessor-version":[{"id":785,"href":"https:\/\/backyardgames.ca\/fr\/wp-json\/wp\/v2\/pages\/700\/revisions\/785"}],"wp:attachment":[{"href":"https:\/\/backyardgames.ca\/fr\/wp-json\/wp\/v2\/media?parent=700"}],"curies":[{"name":"wp","href":"https:\/\/api.w.org\/{rel}","templated":true}]}}