{"id":699,"date":"2015-04-13T14:54:37","date_gmt":"2015-04-13T17:54:37","guid":{"rendered":"https:\/\/backyardgames.ca\/?page_id=699"},"modified":"2024-03-28T13:50:21","modified_gmt":"2024-03-28T16:50:21","slug":"outils-de-collecte-de-fonds","status":"publish","type":"page","link":"https:\/\/backyardgames.ca\/fr\/outils-de-collecte-de-fonds\/","title":{"rendered":"Outils de collecte de fonds"},"content":{"rendered":"\n<h3 class=\"wp-block-heading\"><strong>Conseils et id\u00e9es pour la collecte de fonds<\/strong><\/h3>\n\n\n\n<p>Demander des dons peut s&rsquo;av\u00e9rer difficile si l&rsquo;on n&rsquo;est pas pr\u00e9par\u00e9. Vous trouverez ci-dessous quelques id\u00e9es de base qui vous aideront \u00e0 vous sentir plus \u00e0 l&rsquo;aise dans vos demandes de collecte de fonds. Si vous avez des difficult\u00e9s, n&rsquo;h\u00e9sitez pas \u00e0 contacter votre coordinateur de la collecte de fonds pour obtenir de l&rsquo;aide et des encouragements. Si vous ne savez pas par o\u00f9 commencer, demandez d&rsquo;abord \u00e0 des amis proches et \u00e0 des coll\u00e8gues, ce qui vous permettra d&rsquo;am\u00e9liorer votre technique (demandez-leur \u00e0 l&rsquo;approche du jour de paie). Vous trouverez ci-dessous un mod\u00e8le d&rsquo;e-mail que vous pouvez utiliser pour vous aider dans vos demandes par e-mail.<\/p>\n\n\n\n<h3 class=\"wp-block-heading\"><strong>Demandes individuelles de collecte de fonds<\/strong><\/h3>\n\n\n\n<ol class=\"wp-block-list\">\n<li><strong>Personnalisez votre demande<\/strong><\/li>\n<\/ol>\n\n\n\n<p>Les courriels de masse et les messages Facebook de demande de soutien n&rsquo;ont qu&rsquo;une port\u00e9e limit\u00e9e. Vous constaterez une augmentation significative des demandes de soutien si vous envoyez un courriel personnel ou une demande sur Facebook. Cela vous demandera un peu plus de temps, mais il est prouv\u00e9 que la touche personnelle produit des r\u00e9sultats beaucoup plus importants, car il est beaucoup plus difficile de dire \u00ab\u00a0Oh, je n&rsquo;ai pas vu votre message ou votre courriel\u00a0\u00bb. Si vous recevez un courriel qui vous est destin\u00e9, vous serez beaucoup plus enclin \u00e0 y r\u00e9pondre. Demandez-leur un montant pr\u00e9cis que vous pensez qu&rsquo;ils peuvent se permettre.<\/p>\n\n\n\n<p><em>Les demandes personnelles fonctionnent. Elles sont toujours plus efficaces.<\/em><\/p>\n\n\n\n<ol class=\"wp-block-list\" start=\"2\">\n<li><strong>Racontez-moi une histoire<\/strong><\/li>\n<\/ol>\n\n\n\n<p>Il existe des centaines d&rsquo;organisations caritatives qui d\u00e9fendent de grandes causes et qui demandent de l&rsquo;argent. Les gens seront plus enclins \u00e0 donner \u00e0 la v\u00f4tre s&rsquo;ils comprennent pourquoi elle vous tient \u00e0 c\u0153ur. Donnez-leur des informations claires et concises sur les associations caritatives. Ne vous excusez jamais de leur demander de l&rsquo;argent, ce n&rsquo;est pas pour vous, c&rsquo;est pour une association caritative. Si vous expliquez la raison de votre demande, ils vous respecteront m\u00eame s&rsquo;ils ne donnent pas.<\/p>\n\n\n\n<p><em>Les gens donnent \u00e0 des personnes, rarement \u00e0 des causes.<\/em><\/p>\n\n\n\n<ol class=\"wp-block-list\" start=\"3\">\n<li><strong>Rappels<\/strong><\/li>\n<\/ol>\n\n\n\n<p>Nous recevons tous une centaine de courriels par jour, quelques dizaines de messages sur Facebook, Twitter et Linkedin. Si votre contact ne vous a pas r\u00e9pondu, il a peut-\u00eatre simplement manqu\u00e9 ou oubli\u00e9 votre message. ENVOYEZ-LUI UN RAPPEL OU APPELEZ-LE. \u00c0 moins qu&rsquo;il ne vous ait d\u00e9j\u00e0 dit NON, contactez-le par t\u00e9l\u00e9phone pour savoir s&rsquo;il a eu le temps de lire ce que vous lui avez envoy\u00e9 et demandez-lui de s&rsquo;engager.<\/p>\n\n\n\n<p><em>Vous ne voudrez jamais entendre : \u00ab\u00a0Je me sens mal, je voulais faire un don mais j&rsquo;ai oubli\u00e9\u00a0\u00bb<\/em><\/p>\n\n\n\n<ol class=\"wp-block-list\" start=\"4\">\n<li><strong>Appr\u00e9ciation et r\u00e9capitulation de l&rsquo;\u00e9v\u00e9nement<\/strong><\/li>\n<\/ol>\n\n\n\n<p>\u00ab\u00a0Merci Beaucoup\u00a0\u00bb, ces deux simples mots peuvent grandement contribuer \u00e0 faire revenir un sponsor l&rsquo;ann\u00e9e prochaine. L&rsquo;ann\u00e9e suivante sera tellement plus facile si vous pouvez consacrer plus de temps \u00e0 la recherche de nouveaux sponsors, parce que les anciens n&rsquo;ont pas \u00e9t\u00e9 retenus. Un remerciement n&rsquo;a pas besoin d&rsquo;\u00eatre tr\u00e8s \u00e9labor\u00e9, m\u00eame un e-mail rapide (personnalis\u00e9, pas un \u00ab\u00a0Merci \u00e0 tous\u00a0\u00bb en masse) peut faire l&rsquo;affaire. Dans le m\u00eame message, donnez-leur une br\u00e8ve mise \u00e0 jour sur le d\u00e9roulement de l&rsquo;\u00e9v\u00e9nement, en incluant des d\u00e9tails tels que : avez-vous atteint votre objectif, comment s&rsquo;est d\u00e9roul\u00e9e l&rsquo;exp\u00e9rience de l&rsquo;\u00e9v\u00e9nement et comment votre \u00e9quipe s&rsquo;en est sortie.<\/p>\n\n\n\n<p><em>Consid\u00e9rez cela comme une relation d&rsquo;affaires. Vos sponsors sont vos clients, alors prenez soin d&rsquo;eux.<\/em><\/p>\n\n\n\n<div class=\"wp-block-buttons is-content-justification-center is-layout-flex wp-container-core-buttons-is-layout-1 wp-block-buttons-is-layout-flex\">\n<div class=\"wp-block-button\"><a class=\"wp-block-button__link wp-element-button\" href=\"https:\/\/backyardgames.ca\/wp-content\/uploads\/2024\/03\/BYG_Sponsorship_Support_Email_Template_2024.docx\">Sponsorship Support Email Request Template (docx)<\/a><\/div>\n\n\n\n<div class=\"wp-block-button\"><a class=\"wp-block-button__link wp-element-button\" href=\"https:\/\/backyardgames.ca\/wp-content\/uploads\/2024\/03\/PAW_BYG_pledge_and_fundraiser_sheets_2024.docx\" target=\"_blank\" rel=\"noreferrer noopener\">Formulaire de lev\u00e9e de fonds (docx)<\/a><\/div>\n<\/div>\n\n\n\n<h3 class=\"wp-block-heading\"><strong><strong>Activit\u00e9s de collecte de fonds en \u00e9quipe<\/strong><\/strong><\/h3>\n\n\n\n<p>Vous voulez soulager les efforts de collecte de fonds individuels de votre \u00e9quipe ? Essayez d&rsquo;organiser quelques activit\u00e9s de collecte de fonds en \u00e9quipe dans les mois qui pr\u00e9c\u00e8dent l&rsquo;\u00e9v\u00e9nement. Outre l&rsquo;argent que vous pourrez r\u00e9colter, vous contribuerez \u00e9galement \u00e0 sensibiliser le public \u00e0 l&rsquo;\u00e9v\u00e9nement et aux organisations caritatives qui y participent.<\/p>\n\n\n\n<p>Vous ne savez pas quoi faire ? Voici quelques id\u00e9es qui ont fait leurs preuves. Si vous avez de nouvelles id\u00e9es, n&rsquo;h\u00e9sitez pas \u00e0 les partager avec nous pour les transmettre aux autres \u00e9quipes.<\/p>\n\n\n\n<p>Toutes les activit\u00e9s de collecte de fonds doivent \u00eatre enregistr\u00e9es et approuv\u00e9es par le responsable de l&rsquo;\u00e9v\u00e9nement afin de garantir la conformit\u00e9 avec l&rsquo;utilisation de la marque (g\u00e9n\u00e9ralement couverte par un simple appel t\u00e9l\u00e9phonique). Dans la mesure du possible, nous vous fournirons des outils de marketing et un soutien logistique pour votre \u00e9v\u00e9nement.<\/p>\n\n\n\n<ol class=\"wp-block-list\">\n<li><strong>D\u00e9fi d&rsquo;entra\u00eenement de votre \u00e9quipe<\/strong><\/li>\n<\/ol>\n\n\n\n<p>Demandez \u00e0 vos coll\u00e8gues, \u00e0 votre famille ou \u00e0 vos amis de payer un droit d&rsquo;entr\u00e9e pour vous d\u00e9fier lors d&rsquo;une comp\u00e9tition dans votre propre cour, afin de vous permettre de vous entra\u00eener tout en collectant des fonds.<\/p>\n\n\n\n<ol class=\"wp-block-list\" start=\"1\">\n<li>Tirage au sort (panier de prix, billets de cin\u00e9ma, etc.)<\/li>\n\n\n\n<li>BBQ<\/li>\n\n\n\n<li>Vente de garage<\/li>\n\n\n\n<li>Lavage de voitures<\/li>\n\n\n\n<li>Vente de p\u00e2tisseries<\/li>\n\n\n\n<li>50\/50<\/li>\n\n\n\n<li>Vente aux ench\u00e8res<\/li>\n\n\n\n<li>Fonds pour les journ\u00e9es d\u00e9contract\u00e9es au bureau<\/li>\n\n\n\n<li>Fonds pour le caf\u00e9 au bureau<\/li>\n\n\n\n<li>Bocal de jurements du bureau<\/li>\n\n\n\n<li>Soir\u00e9e Poker<\/li>\n\n\n\n<li>Souper spaghetti<\/li>\n\n\n\n<li>Soir\u00e9e karaok\u00e9<\/li>\n\n\n\n<li>Soir\u00e9e Trivia<\/li>\n\n\n\n<li>D\u00e9gustation de vin<\/li>\n<\/ol>\n","protected":false},"excerpt":{"rendered":"<p>Conseils et id\u00e9es pour la collecte de fonds Demander des dons peut s&rsquo;av\u00e9rer difficile si l&rsquo;on n&rsquo;est pas pr\u00e9par\u00e9. Vous trouverez ci-dessous quelques id\u00e9es de base qui vous aideront \u00e0 vous sentir plus \u00e0 l&rsquo;aise dans vos demandes de collecte de fonds. Si vous avez des difficult\u00e9s, n&rsquo;h\u00e9sitez pas \u00e0 contacter votre coordinateur de la [&hellip;]<\/p>\n","protected":false},"author":1,"featured_media":0,"parent":0,"menu_order":0,"comment_status":"closed","ping_status":"open","template":"","meta":{"footnotes":""},"class_list":["post-699","page","type-page","status-publish","hentry"],"yoast_head":"<!-- This site is optimized with the Yoast SEO plugin v23.3 - https:\/\/yoast.com\/wordpress\/plugins\/seo\/ -->\n<title>Outils de collecte de fonds - Backyard Games<\/title>\n<meta name=\"robots\" content=\"index, follow, max-snippet:-1, max-image-preview:large, max-video-preview:-1\" \/>\n<link rel=\"canonical\" href=\"https:\/\/backyardgames.ca\/fr\/outils-de-collecte-de-fonds\/\" \/>\n<meta property=\"og:locale\" content=\"fr_FR\" \/>\n<meta property=\"og:type\" content=\"article\" \/>\n<meta property=\"og:title\" content=\"Outils de collecte de fonds - Backyard Games\" \/>\n<meta property=\"og:description\" content=\"Conseils et id\u00e9es pour la collecte de fonds Demander des dons peut s&rsquo;av\u00e9rer difficile si l&rsquo;on n&rsquo;est pas pr\u00e9par\u00e9. Vous trouverez ci-dessous quelques id\u00e9es de base qui vous aideront \u00e0 vous sentir plus \u00e0 l&rsquo;aise dans vos demandes de collecte de fonds. Si vous avez des difficult\u00e9s, n&rsquo;h\u00e9sitez pas \u00e0 contacter votre coordinateur de la [&hellip;]\" \/>\n<meta property=\"og:url\" content=\"https:\/\/backyardgames.ca\/fr\/outils-de-collecte-de-fonds\/\" \/>\n<meta property=\"og:site_name\" content=\"Backyard Games\" \/>\n<meta property=\"article:modified_time\" content=\"2024-03-28T16:50:21+00:00\" \/>\n<meta name=\"twitter:card\" content=\"summary_large_image\" \/>\n<meta name=\"twitter:label1\" content=\"Dur\u00e9e de lecture estim\u00e9e\" \/>\n\t<meta name=\"twitter:data1\" content=\"4 minutes\" \/>\n<script type=\"application\/ld+json\" class=\"yoast-schema-graph\">{\"@context\":\"https:\/\/schema.org\",\"@graph\":[{\"@type\":\"WebPage\",\"@id\":\"https:\/\/backyardgames.ca\/fr\/outils-de-collecte-de-fonds\/\",\"url\":\"https:\/\/backyardgames.ca\/fr\/outils-de-collecte-de-fonds\/\",\"name\":\"Outils de collecte de fonds - Backyard Games\",\"isPartOf\":{\"@id\":\"https:\/\/backyardgames.ca\/fr\/#website\"},\"datePublished\":\"2015-04-13T17:54:37+00:00\",\"dateModified\":\"2024-03-28T16:50:21+00:00\",\"breadcrumb\":{\"@id\":\"https:\/\/backyardgames.ca\/fr\/outils-de-collecte-de-fonds\/#breadcrumb\"},\"inLanguage\":\"fr-FR\",\"potentialAction\":[{\"@type\":\"ReadAction\",\"target\":[\"https:\/\/backyardgames.ca\/fr\/outils-de-collecte-de-fonds\/\"]}]},{\"@type\":\"BreadcrumbList\",\"@id\":\"https:\/\/backyardgames.ca\/fr\/outils-de-collecte-de-fonds\/#breadcrumb\",\"itemListElement\":[{\"@type\":\"ListItem\",\"position\":1,\"name\":\"Home\",\"item\":\"https:\/\/backyardgames.ca\/fr\/\"},{\"@type\":\"ListItem\",\"position\":2,\"name\":\"Outils de collecte de fonds\"}]},{\"@type\":\"WebSite\",\"@id\":\"https:\/\/backyardgames.ca\/fr\/#website\",\"url\":\"https:\/\/backyardgames.ca\/fr\/\",\"name\":\"Backyard Games\",\"description\":\"People for Animal Wellbeing (PAW), formerly known as the SPCA,\",\"publisher\":{\"@id\":\"https:\/\/backyardgames.ca\/fr\/#organization\"},\"potentialAction\":[{\"@type\":\"SearchAction\",\"target\":{\"@type\":\"EntryPoint\",\"urlTemplate\":\"https:\/\/backyardgames.ca\/fr\/?s={search_term_string}\"},\"query-input\":\"required name=search_term_string\"}],\"inLanguage\":\"fr-FR\"},{\"@type\":\"Organization\",\"@id\":\"https:\/\/backyardgames.ca\/fr\/#organization\",\"name\":\"Backyard Games\",\"url\":\"https:\/\/backyardgames.ca\/fr\/\",\"logo\":{\"@type\":\"ImageObject\",\"inLanguage\":\"fr-FR\",\"@id\":\"https:\/\/backyardgames.ca\/fr\/#\/schema\/logo\/image\/\",\"url\":\"https:\/\/backyardgames.ca\/wp-content\/uploads\/2024\/03\/grassPAWSBackjyard-facebookEvent_v01-min.png\",\"contentUrl\":\"https:\/\/backyardgames.ca\/wp-content\/uploads\/2024\/03\/grassPAWSBackjyard-facebookEvent_v01-min.png\",\"width\":1920,\"height\":1080,\"caption\":\"Backyard Games\"},\"image\":{\"@id\":\"https:\/\/backyardgames.ca\/fr\/#\/schema\/logo\/image\/\"}}]}<\/script>\n<!-- \/ Yoast SEO plugin. -->","yoast_head_json":{"title":"Outils de collecte de fonds - Backyard Games","robots":{"index":"index","follow":"follow","max-snippet":"max-snippet:-1","max-image-preview":"max-image-preview:large","max-video-preview":"max-video-preview:-1"},"canonical":"https:\/\/backyardgames.ca\/fr\/outils-de-collecte-de-fonds\/","og_locale":"fr_FR","og_type":"article","og_title":"Outils de collecte de fonds - Backyard Games","og_description":"Conseils et id\u00e9es pour la collecte de fonds Demander des dons peut s&rsquo;av\u00e9rer difficile si l&rsquo;on n&rsquo;est pas pr\u00e9par\u00e9. Vous trouverez ci-dessous quelques id\u00e9es de base qui vous aideront \u00e0 vous sentir plus \u00e0 l&rsquo;aise dans vos demandes de collecte de fonds. Si vous avez des difficult\u00e9s, n&rsquo;h\u00e9sitez pas \u00e0 contacter votre coordinateur de la [&hellip;]","og_url":"https:\/\/backyardgames.ca\/fr\/outils-de-collecte-de-fonds\/","og_site_name":"Backyard Games","article_modified_time":"2024-03-28T16:50:21+00:00","twitter_card":"summary_large_image","twitter_misc":{"Dur\u00e9e de lecture estim\u00e9e":"4 minutes"},"schema":{"@context":"https:\/\/schema.org","@graph":[{"@type":"WebPage","@id":"https:\/\/backyardgames.ca\/fr\/outils-de-collecte-de-fonds\/","url":"https:\/\/backyardgames.ca\/fr\/outils-de-collecte-de-fonds\/","name":"Outils de collecte de fonds - Backyard Games","isPartOf":{"@id":"https:\/\/backyardgames.ca\/fr\/#website"},"datePublished":"2015-04-13T17:54:37+00:00","dateModified":"2024-03-28T16:50:21+00:00","breadcrumb":{"@id":"https:\/\/backyardgames.ca\/fr\/outils-de-collecte-de-fonds\/#breadcrumb"},"inLanguage":"fr-FR","potentialAction":[{"@type":"ReadAction","target":["https:\/\/backyardgames.ca\/fr\/outils-de-collecte-de-fonds\/"]}]},{"@type":"BreadcrumbList","@id":"https:\/\/backyardgames.ca\/fr\/outils-de-collecte-de-fonds\/#breadcrumb","itemListElement":[{"@type":"ListItem","position":1,"name":"Home","item":"https:\/\/backyardgames.ca\/fr\/"},{"@type":"ListItem","position":2,"name":"Outils de collecte de fonds"}]},{"@type":"WebSite","@id":"https:\/\/backyardgames.ca\/fr\/#website","url":"https:\/\/backyardgames.ca\/fr\/","name":"Backyard Games","description":"People for Animal Wellbeing (PAW), formerly known as the SPCA,","publisher":{"@id":"https:\/\/backyardgames.ca\/fr\/#organization"},"potentialAction":[{"@type":"SearchAction","target":{"@type":"EntryPoint","urlTemplate":"https:\/\/backyardgames.ca\/fr\/?s={search_term_string}"},"query-input":"required name=search_term_string"}],"inLanguage":"fr-FR"},{"@type":"Organization","@id":"https:\/\/backyardgames.ca\/fr\/#organization","name":"Backyard Games","url":"https:\/\/backyardgames.ca\/fr\/","logo":{"@type":"ImageObject","inLanguage":"fr-FR","@id":"https:\/\/backyardgames.ca\/fr\/#\/schema\/logo\/image\/","url":"https:\/\/backyardgames.ca\/wp-content\/uploads\/2024\/03\/grassPAWSBackjyard-facebookEvent_v01-min.png","contentUrl":"https:\/\/backyardgames.ca\/wp-content\/uploads\/2024\/03\/grassPAWSBackjyard-facebookEvent_v01-min.png","width":1920,"height":1080,"caption":"Backyard Games"},"image":{"@id":"https:\/\/backyardgames.ca\/fr\/#\/schema\/logo\/image\/"}}]}},"_links":{"self":[{"href":"https:\/\/backyardgames.ca\/fr\/wp-json\/wp\/v2\/pages\/699"}],"collection":[{"href":"https:\/\/backyardgames.ca\/fr\/wp-json\/wp\/v2\/pages"}],"about":[{"href":"https:\/\/backyardgames.ca\/fr\/wp-json\/wp\/v2\/types\/page"}],"author":[{"embeddable":true,"href":"https:\/\/backyardgames.ca\/fr\/wp-json\/wp\/v2\/users\/1"}],"replies":[{"embeddable":true,"href":"https:\/\/backyardgames.ca\/fr\/wp-json\/wp\/v2\/comments?post=699"}],"version-history":[{"count":4,"href":"https:\/\/backyardgames.ca\/fr\/wp-json\/wp\/v2\/pages\/699\/revisions"}],"predecessor-version":[{"id":784,"href":"https:\/\/backyardgames.ca\/fr\/wp-json\/wp\/v2\/pages\/699\/revisions\/784"}],"wp:attachment":[{"href":"https:\/\/backyardgames.ca\/fr\/wp-json\/wp\/v2\/media?parent=699"}],"curies":[{"name":"wp","href":"https:\/\/api.w.org\/{rel}","templated":true}]}}