{"id":694,"date":"2016-05-13T12:26:00","date_gmt":"2016-05-13T15:26:00","guid":{"rendered":"https:\/\/backyardgames.ca\/?page_id=694"},"modified":"2024-03-28T13:49:15","modified_gmt":"2024-03-28T16:49:15","slug":"faq","status":"publish","type":"page","link":"https:\/\/backyardgames.ca\/fr\/faq\/","title":{"rendered":"FAQ"},"content":{"rendered":"\n<p><strong>1. Quand et o\u00f9 a lieu l&rsquo;\u00e9v\u00e9nement ?<\/strong><\/p>\n\n\n\n<p>Anselme (alias le parc Rotary) situ\u00e9 au 505, chemin Melanson \u00e0 Dieppe.<\/p>\n\n\n\n<p><strong>2. Combien de personnes peuvent faire partie de mon \u00e9quipe ?<\/strong><\/p>\n\n\n\n<p>Les \u00e9quipes sont compos\u00e9es de quatre joueurs. Vous pouvez ajouter des personnes \u00e0 votre \u00e9quipe \u00e0 une date ult\u00e9rieure, alors inscrivez-vous avec ce que vous avez et envoyez-nous les noms suppl\u00e9mentaires une fois qu&rsquo;ils auront confirm\u00e9.<\/p>\n\n\n\n<p><strong>3. Qui peut rejoindre mon \u00e9quipe ?<\/strong><\/p>\n\n\n\n<p>Cet \u00e9v\u00e9nement s&rsquo;adresse \u00e0 tout participant \u00e2g\u00e9 de plus de 19 ans.&nbsp; Toutes les conditions physiques et tous les niveaux de comp\u00e9tence sont les bienvenus.&nbsp; Les \u00e9quipes peuvent \u00eatre compos\u00e9es de coll\u00e8gues de travail, d&rsquo;amis, de membres de la famille ou de coll\u00e8gues de travail.<\/p>\n\n\n\n<p><strong>4. Combien co\u00fbte l&rsquo;inscription d&rsquo;une \u00e9quipe ?<\/strong><\/p>\n\n\n\n<p>\u00c9quipes d&rsquo;entreprise : 500 $ pour une \u00e9quipe de quatre personnes.<\/p>\n\n\n\n<p>\u00c9quipes d&rsquo;amis et de famille : 400 $ pour une \u00e9quipe de quatre.<\/p>\n\n\n\n<p><strong>5. Quand dois-je payer ?<\/strong><\/p>\n\n\n\n<p>L&rsquo;inscription doit \u00eatre pay\u00e9e en totalit\u00e9 deux semaines avant l&rsquo;\u00e9v\u00e9nement. Les personnes qui collectent des fonds suppl\u00e9mentaires pour leur \u00e9quipe peuvent le faire le jour de l&rsquo;\u00e9v\u00e9nement.<\/p>\n\n\n\n<p><strong>6. Dois-je payer les frais d&rsquo;inscription de ma poche ou puis-je demander de l&rsquo;aide ?<\/strong><\/p>\n\n\n\n<p>Les \u00e9quipes sont encourag\u00e9es \u00e0 collecter des fonds pour l&rsquo;\u00e9v\u00e9nement afin de r\u00e9duire le co\u00fbt de leur participation. Cela permettra \u00e9galement de promouvoir l&rsquo;\u00e9v\u00e9nement aupr\u00e8s de toutes les personnes avec lesquelles vous \u00eates en contact, tout en recueillant des promesses de dons en personne ou sur Facebook, ou en organisant une collecte de fonds sur votre lieu de travail ? La page Outils de collecte de fonds du site web contient de nombreuses id\u00e9es et un soutien pr\u00e9cieux pour vous aider \u00e0 atteindre votre objectif.<\/p>\n\n\n\n<p><strong>7. Comment s&rsquo;inscrire ?<\/strong><\/p>\n\n\n\n<p>Vous pouvez vous inscrire en ligne sur le site web de l&rsquo;\u00e9v\u00e9nement sur la <a href=\"https:\/\/backyardgames.ca\/fr\/inscription\/\">page d&rsquo;inscription<\/a>.<\/p>\n\n\n\n<p><strong>8. Quel sera le niveau de comp\u00e9tition de cet \u00e9v\u00e9nement ?<\/strong><\/p>\n\n\n\n<p>Bien que la comp\u00e9tition soit encourag\u00e9e, nous voulons cr\u00e9er une atmosph\u00e8re amusante et d\u00e9tendue o\u00f9 tout le monde est le bienvenu.<\/p>\n\n\n\n<p><strong>9. \u00c0 qui sert l&rsquo;argent que nous collectons ?<\/strong><\/p>\n\n\n\n<p>Les revenus et la sensibilisation provenant d&rsquo;\u00e9v\u00e9nements de collecte de fonds tels que les Back Yard Games contribuent grandement \u00e0 int\u00e9grer la durabilit\u00e9 dans les activit\u00e9s quotidiennes de l&rsquo;association. Le succ\u00e8s et les r\u00e9alisations de SBA sont le reflet direct de notre communaut\u00e9. Votre soutien financier est tr\u00e8s important, aujourd&rsquo;hui plus que jamais.<\/p>\n\n\n\n<p><strong>10. Quels types de jeux seront propos\u00e9s lors de l&rsquo;\u00e9v\u00e9nement ?<\/strong><\/p>\n\n\n\n<p>Les \u00e9quipes s&rsquo;affronteront dans une vari\u00e9t\u00e9 de jeux d&rsquo;arri\u00e8re-cour amusants tels que :&nbsp; Jeu de rondelles, le jeu de palets, balles en \u00e9chelle, lancer d&rsquo;anneaux, fer \u00e0 cheval, Pong seau, le jeu de poches et P\u00e9tanque<\/p>\n\n\n\n<p><strong>11. Quelles seront les concessions sur le site de l&rsquo;\u00e9v\u00e9nement ?<\/strong><\/p>\n\n\n\n<p>Un vendeur vendra de la nourriture sur le site et un jardin de bi\u00e8re sera ouvert de 11 heures \u00e0 la fermeture.&nbsp; Vous pouvez \u00e9galement apporter votre propre nourriture et vos boissons non alcoolis\u00e9es et les laisser dans la zone de repos de l&rsquo;\u00e9quipe.<\/p>\n\n\n\n<p><strong>12. Les gens peuvent-ils venir regarder l&rsquo;\u00e9v\u00e9nement m\u00eame s&rsquo;ils ne font pas partie de l&rsquo;\u00e9quipe inscrite ?<\/strong><\/p>\n\n\n\n<p>Les spectateurs sont les bienvenus pour venir vous encourager et assister \u00e0 l&rsquo;\u00e9v\u00e9nement.&nbsp; Nous aurons m\u00eame quelques jeux suppl\u00e9mentaires disponibles auxquels ils pourront jouer moyennant un don. Les spectateurs doivent \u00eatre \u00e2g\u00e9s de plus de 19 ans. Seule l&rsquo;aire de repos de l&rsquo;\u00e9quipe est interdite aux spectateurs.<\/p>\n\n\n\n<p><strong>Vous avez une question \u00e0 laquelle vous ne trouvez pas de r\u00e9ponse ici ?<\/strong><\/p>\n\n\n\n<p>Contactez-nous pour plus d&rsquo;informations \u00e0 info@backyardgames.ca ou (506)855-8525.<\/p>\n","protected":false},"excerpt":{"rendered":"<p>1. Quand et o\u00f9 a lieu l&rsquo;\u00e9v\u00e9nement ? Anselme (alias le parc Rotary) situ\u00e9 au 505, chemin Melanson \u00e0 Dieppe. 2. Combien de personnes peuvent faire partie de mon \u00e9quipe ? Les \u00e9quipes sont compos\u00e9es de quatre joueurs. Vous pouvez ajouter des personnes \u00e0 votre \u00e9quipe \u00e0 une date ult\u00e9rieure, alors inscrivez-vous avec ce que [&hellip;]<\/p>\n","protected":false},"author":1,"featured_media":0,"parent":0,"menu_order":0,"comment_status":"closed","ping_status":"closed","template":"","meta":{"footnotes":""},"class_list":["post-694","page","type-page","status-publish","hentry"],"yoast_head":"<!-- This site is optimized with the Yoast SEO plugin v23.3 - https:\/\/yoast.com\/wordpress\/plugins\/seo\/ -->\n<title>FAQ - Backyard Games<\/title>\n<meta name=\"robots\" content=\"index, follow, max-snippet:-1, max-image-preview:large, max-video-preview:-1\" \/>\n<link rel=\"canonical\" href=\"https:\/\/backyardgames.ca\/fr\/faq\/\" \/>\n<meta property=\"og:locale\" content=\"fr_FR\" \/>\n<meta property=\"og:type\" content=\"article\" \/>\n<meta property=\"og:title\" content=\"FAQ - Backyard Games\" \/>\n<meta property=\"og:description\" content=\"1. Quand et o\u00f9 a lieu l&rsquo;\u00e9v\u00e9nement ? Anselme (alias le parc Rotary) situ\u00e9 au 505, chemin Melanson \u00e0 Dieppe. 2. Combien de personnes peuvent faire partie de mon \u00e9quipe ? Les \u00e9quipes sont compos\u00e9es de quatre joueurs. Vous pouvez ajouter des personnes \u00e0 votre \u00e9quipe \u00e0 une date ult\u00e9rieure, alors inscrivez-vous avec ce que [&hellip;]\" \/>\n<meta property=\"og:url\" content=\"https:\/\/backyardgames.ca\/fr\/faq\/\" \/>\n<meta property=\"og:site_name\" content=\"Backyard Games\" \/>\n<meta property=\"article:modified_time\" content=\"2024-03-28T16:49:15+00:00\" \/>\n<meta name=\"twitter:card\" content=\"summary_large_image\" \/>\n<meta name=\"twitter:label1\" content=\"Dur\u00e9e de lecture estim\u00e9e\" \/>\n\t<meta name=\"twitter:data1\" content=\"3 minutes\" \/>\n<script type=\"application\/ld+json\" class=\"yoast-schema-graph\">{\"@context\":\"https:\/\/schema.org\",\"@graph\":[{\"@type\":\"WebPage\",\"@id\":\"https:\/\/backyardgames.ca\/fr\/faq\/\",\"url\":\"https:\/\/backyardgames.ca\/fr\/faq\/\",\"name\":\"FAQ - Backyard Games\",\"isPartOf\":{\"@id\":\"https:\/\/backyardgames.ca\/fr\/#website\"},\"datePublished\":\"2016-05-13T15:26:00+00:00\",\"dateModified\":\"2024-03-28T16:49:15+00:00\",\"breadcrumb\":{\"@id\":\"https:\/\/backyardgames.ca\/fr\/faq\/#breadcrumb\"},\"inLanguage\":\"fr-FR\",\"potentialAction\":[{\"@type\":\"ReadAction\",\"target\":[\"https:\/\/backyardgames.ca\/fr\/faq\/\"]}]},{\"@type\":\"BreadcrumbList\",\"@id\":\"https:\/\/backyardgames.ca\/fr\/faq\/#breadcrumb\",\"itemListElement\":[{\"@type\":\"ListItem\",\"position\":1,\"name\":\"Home\",\"item\":\"https:\/\/backyardgames.ca\/fr\/\"},{\"@type\":\"ListItem\",\"position\":2,\"name\":\"FAQ\"}]},{\"@type\":\"WebSite\",\"@id\":\"https:\/\/backyardgames.ca\/fr\/#website\",\"url\":\"https:\/\/backyardgames.ca\/fr\/\",\"name\":\"Backyard Games\",\"description\":\"People for Animal Wellbeing (PAW), formerly known as the SPCA,\",\"publisher\":{\"@id\":\"https:\/\/backyardgames.ca\/fr\/#organization\"},\"potentialAction\":[{\"@type\":\"SearchAction\",\"target\":{\"@type\":\"EntryPoint\",\"urlTemplate\":\"https:\/\/backyardgames.ca\/fr\/?s={search_term_string}\"},\"query-input\":\"required name=search_term_string\"}],\"inLanguage\":\"fr-FR\"},{\"@type\":\"Organization\",\"@id\":\"https:\/\/backyardgames.ca\/fr\/#organization\",\"name\":\"Backyard Games\",\"url\":\"https:\/\/backyardgames.ca\/fr\/\",\"logo\":{\"@type\":\"ImageObject\",\"inLanguage\":\"fr-FR\",\"@id\":\"https:\/\/backyardgames.ca\/fr\/#\/schema\/logo\/image\/\",\"url\":\"https:\/\/backyardgames.ca\/wp-content\/uploads\/2024\/03\/grassPAWSBackjyard-facebookEvent_v01-min.png\",\"contentUrl\":\"https:\/\/backyardgames.ca\/wp-content\/uploads\/2024\/03\/grassPAWSBackjyard-facebookEvent_v01-min.png\",\"width\":1920,\"height\":1080,\"caption\":\"Backyard Games\"},\"image\":{\"@id\":\"https:\/\/backyardgames.ca\/fr\/#\/schema\/logo\/image\/\"}}]}<\/script>\n<!-- \/ Yoast SEO plugin. -->","yoast_head_json":{"title":"FAQ - Backyard Games","robots":{"index":"index","follow":"follow","max-snippet":"max-snippet:-1","max-image-preview":"max-image-preview:large","max-video-preview":"max-video-preview:-1"},"canonical":"https:\/\/backyardgames.ca\/fr\/faq\/","og_locale":"fr_FR","og_type":"article","og_title":"FAQ - Backyard Games","og_description":"1. Quand et o\u00f9 a lieu l&rsquo;\u00e9v\u00e9nement ? Anselme (alias le parc Rotary) situ\u00e9 au 505, chemin Melanson \u00e0 Dieppe. 2. Combien de personnes peuvent faire partie de mon \u00e9quipe ? Les \u00e9quipes sont compos\u00e9es de quatre joueurs. Vous pouvez ajouter des personnes \u00e0 votre \u00e9quipe \u00e0 une date ult\u00e9rieure, alors inscrivez-vous avec ce que [&hellip;]","og_url":"https:\/\/backyardgames.ca\/fr\/faq\/","og_site_name":"Backyard Games","article_modified_time":"2024-03-28T16:49:15+00:00","twitter_card":"summary_large_image","twitter_misc":{"Dur\u00e9e de lecture estim\u00e9e":"3 minutes"},"schema":{"@context":"https:\/\/schema.org","@graph":[{"@type":"WebPage","@id":"https:\/\/backyardgames.ca\/fr\/faq\/","url":"https:\/\/backyardgames.ca\/fr\/faq\/","name":"FAQ - Backyard Games","isPartOf":{"@id":"https:\/\/backyardgames.ca\/fr\/#website"},"datePublished":"2016-05-13T15:26:00+00:00","dateModified":"2024-03-28T16:49:15+00:00","breadcrumb":{"@id":"https:\/\/backyardgames.ca\/fr\/faq\/#breadcrumb"},"inLanguage":"fr-FR","potentialAction":[{"@type":"ReadAction","target":["https:\/\/backyardgames.ca\/fr\/faq\/"]}]},{"@type":"BreadcrumbList","@id":"https:\/\/backyardgames.ca\/fr\/faq\/#breadcrumb","itemListElement":[{"@type":"ListItem","position":1,"name":"Home","item":"https:\/\/backyardgames.ca\/fr\/"},{"@type":"ListItem","position":2,"name":"FAQ"}]},{"@type":"WebSite","@id":"https:\/\/backyardgames.ca\/fr\/#website","url":"https:\/\/backyardgames.ca\/fr\/","name":"Backyard Games","description":"People for Animal Wellbeing (PAW), formerly known as the SPCA,","publisher":{"@id":"https:\/\/backyardgames.ca\/fr\/#organization"},"potentialAction":[{"@type":"SearchAction","target":{"@type":"EntryPoint","urlTemplate":"https:\/\/backyardgames.ca\/fr\/?s={search_term_string}"},"query-input":"required name=search_term_string"}],"inLanguage":"fr-FR"},{"@type":"Organization","@id":"https:\/\/backyardgames.ca\/fr\/#organization","name":"Backyard Games","url":"https:\/\/backyardgames.ca\/fr\/","logo":{"@type":"ImageObject","inLanguage":"fr-FR","@id":"https:\/\/backyardgames.ca\/fr\/#\/schema\/logo\/image\/","url":"https:\/\/backyardgames.ca\/wp-content\/uploads\/2024\/03\/grassPAWSBackjyard-facebookEvent_v01-min.png","contentUrl":"https:\/\/backyardgames.ca\/wp-content\/uploads\/2024\/03\/grassPAWSBackjyard-facebookEvent_v01-min.png","width":1920,"height":1080,"caption":"Backyard Games"},"image":{"@id":"https:\/\/backyardgames.ca\/fr\/#\/schema\/logo\/image\/"}}]}},"_links":{"self":[{"href":"https:\/\/backyardgames.ca\/fr\/wp-json\/wp\/v2\/pages\/694"}],"collection":[{"href":"https:\/\/backyardgames.ca\/fr\/wp-json\/wp\/v2\/pages"}],"about":[{"href":"https:\/\/backyardgames.ca\/fr\/wp-json\/wp\/v2\/types\/page"}],"author":[{"embeddable":true,"href":"https:\/\/backyardgames.ca\/fr\/wp-json\/wp\/v2\/users\/1"}],"replies":[{"embeddable":true,"href":"https:\/\/backyardgames.ca\/fr\/wp-json\/wp\/v2\/comments?post=694"}],"version-history":[{"count":3,"href":"https:\/\/backyardgames.ca\/fr\/wp-json\/wp\/v2\/pages\/694\/revisions"}],"predecessor-version":[{"id":783,"href":"https:\/\/backyardgames.ca\/fr\/wp-json\/wp\/v2\/pages\/694\/revisions\/783"}],"wp:attachment":[{"href":"https:\/\/backyardgames.ca\/fr\/wp-json\/wp\/v2\/media?parent=694"}],"curies":[{"name":"wp","href":"https:\/\/api.w.org\/{rel}","templated":true}]}}